{"id":10160,"date":"2024-02-28T15:49:12","date_gmt":"2024-02-28T12:49:12","guid":{"rendered":"http:\/\/hakajans.com\/?page_id=10160"},"modified":"2024-02-28T15:57:43","modified_gmt":"2024-02-28T12:57:43","slug":"sosyalmedyayonetimi","status":"publish","type":"page","link":"https:\/\/hakajans.com\/?page_id=10160","title":{"rendered":"Sosyal Medya Y\u00f6netimi"},"content":{"rendered":"\t\t<div data-elementor-type=\"wp-page\" data-elementor-id=\"10160\" class=\"elementor elementor-10160\">\n\t\t\t\t\t\t<section class=\"elementor-section elementor-top-section elementor-element elementor-element-00c6e60 elementor-section-boxed elementor-section-height-default elementor-section-height-default\" data-id=\"00c6e60\" data-element_type=\"section\">\n\t\t\t\t\t\t<div class=\"elementor-container elementor-column-gap-default\">\n\t\t\t\t\t<div class=\"elementor-column elementor-col-100 elementor-top-column elementor-element elementor-element-b926b0a\" data-id=\"b926b0a\" data-element_type=\"column\">\n\t\t\t<div class=\"elementor-widget-wrap elementor-element-populated\">\n\t\t\t\t\t\t<section class=\"elementor-section elementor-inner-section elementor-element elementor-element-bf0aa62 elementor-section-boxed elementor-section-height-default elementor-section-height-default\" data-id=\"bf0aa62\" data-element_type=\"section\">\n\t\t\t\t\t\t<div class=\"elementor-container elementor-column-gap-default\">\n\t\t\t\t\t<div class=\"elementor-column elementor-col-100 elementor-inner-column elementor-element elementor-element-a1d78f7\" data-id=\"a1d78f7\" data-element_type=\"column\">\n\t\t\t<div class=\"elementor-widget-wrap elementor-element-populated\">\n\t\t\t\t\t\t<div class=\"elementor-element elementor-element-fac816c elementor-widget elementor-widget-rt-widget-title\" data-id=\"fac816c\" data-element_type=\"widget\" data-widget_type=\"rt-widget-title.default\">\n\t\t\t\t<div class=\"elementor-widget-container\">\n\t\t\t<div class=\"rtel-widget-title-1 text-left\">\n  <h2 class='rtin-title   '>Sosyal Medya Reklam Y\u00f6netimi<\/h2><\/div>\n\n\t\t<\/div>\n\t\t\t\t<\/div>\n\t\t\t\t<div class=\"elementor-element elementor-element-973822a elementor-widget elementor-widget-text-editor\" data-id=\"973822a\" data-element_type=\"widget\" data-widget_type=\"text-editor.default\">\n\t\t\t\t<div class=\"elementor-widget-container\">\n\t\t\t\t\t\t\t<p>Sosyal medya reklam y\u00f6netimi, istenilen reklam\u0131n hedef kitleye ula\u015faca\u011f\u0131 platformla ilgilidir. Bu t\u00fcr reklamlar\u0131 verirken; Sosyal medya etkile\u015fiminin artt\u0131r\u0131lmas\u0131na, web sitenize veya blog sayfan\u0131za yap\u0131lan ziyaretlerin artt\u0131r\u0131lmas\u0131na, markan\u0131z\u0131n bilinirli\u011finin artt\u0131r\u0131lmas\u0131na dikkat edilmelidir. Facebook, Twitter, Youtube ve LinkedIn gibi mecralar\u0131 sosyal medya reklam y\u00f6netimi ba\u015fl\u0131\u011f\u0131 alt\u0131nda toplayabiliriz.<\/p><p>Sosyal medya reklam t\u00fcrleri yukar\u0131da da belirtti\u011fimiz gibi Facebook, Youtube ve Twitter \u00fczerinden verilen reklamlard\u0131r. Peki bu uygulamalar\u0131n nas\u0131l bir reklam yap\u0131s\u0131 var? \u015eimdi sosyal medya reklam t\u00fcrlerini birlikte inceleyelim.<\/p>\t\t\t\t\t\t<\/div>\n\t\t\t\t<\/div>\n\t\t\t\t\t<\/div>\n\t\t<\/div>\n\t\t\t\t\t<\/div>\n\t\t<\/section>\n\t\t\t\t\t<\/div>\n\t\t<\/div>\n\t\t\t\t\t<\/div>\n\t\t<\/section>\n\t\t\t\t<section class=\"elementor-section elementor-top-section elementor-element elementor-element-59b0783 elementor-section-boxed elementor-section-height-default elementor-section-height-default\" data-id=\"59b0783\" data-element_type=\"section\">\n\t\t\t\t\t\t<div class=\"elementor-container elementor-column-gap-default\">\n\t\t\t\t\t<div class=\"elementor-column elementor-col-33 elementor-top-column elementor-element elementor-element-fb5d3f1\" data-id=\"fb5d3f1\" data-element_type=\"column\">\n\t\t\t<div class=\"elementor-widget-wrap elementor-element-populated\">\n\t\t\t\t\t\t<div class=\"elementor-element elementor-element-02281ed elementor-widget elementor-widget-image\" data-id=\"02281ed\" data-element_type=\"widget\" data-widget_type=\"image.default\">\n\t\t\t\t<div class=\"elementor-widget-container\">\n\t\t\t\t\t\t\t\t\t\t\t\t\t<img fetchpriority=\"high\" decoding=\"async\" width=\"437\" height=\"575\" src=\"https:\/\/hakajans.com\/wp-content\/uploads\/2024\/02\/Screenshot-2024-02-28-at-15-49-40-What-is-Digital-Advertising-Management-What-are-the-Ad-Types.png\" class=\"attachment-large size-large wp-image-10162\" alt=\"\" srcset=\"https:\/\/hakajans.com\/wp-content\/uploads\/2024\/02\/Screenshot-2024-02-28-at-15-49-40-What-is-Digital-Advertising-Management-What-are-the-Ad-Types.png 437w, https:\/\/hakajans.com\/wp-content\/uploads\/2024\/02\/Screenshot-2024-02-28-at-15-49-40-What-is-Digital-Advertising-Management-What-are-the-Ad-Types-228x300.png 228w, https:\/\/hakajans.com\/wp-content\/uploads\/2024\/02\/Screenshot-2024-02-28-at-15-49-40-What-is-Digital-Advertising-Management-What-are-the-Ad-Types-119x157.png 119w\" sizes=\"(max-width: 437px) 100vw, 437px\" \/>\t\t\t\t\t\t\t\t\t\t\t\t\t<\/div>\n\t\t\t\t<\/div>\n\t\t\t\t\t<\/div>\n\t\t<\/div>\n\t\t\t\t<div class=\"elementor-column elementor-col-33 elementor-top-column elementor-element elementor-element-25a11eb\" data-id=\"25a11eb\" data-element_type=\"column\">\n\t\t\t<div class=\"elementor-widget-wrap elementor-element-populated\">\n\t\t\t\t\t\t<div class=\"elementor-element elementor-element-21697da elementor-widget elementor-widget-image\" data-id=\"21697da\" data-element_type=\"widget\" data-widget_type=\"image.default\">\n\t\t\t\t<div class=\"elementor-widget-container\">\n\t\t\t\t\t\t\t\t\t\t\t\t\t<img decoding=\"async\" width=\"437\" height=\"575\" src=\"https:\/\/hakajans.com\/wp-content\/uploads\/2024\/02\/Screenshot-2024-02-28-at-15-49-49-What-is-Digital-Advertising-Management-What-are-the-Ad-Types.png\" class=\"attachment-large size-large wp-image-10163\" alt=\"\" srcset=\"https:\/\/hakajans.com\/wp-content\/uploads\/2024\/02\/Screenshot-2024-02-28-at-15-49-49-What-is-Digital-Advertising-Management-What-are-the-Ad-Types.png 437w, https:\/\/hakajans.com\/wp-content\/uploads\/2024\/02\/Screenshot-2024-02-28-at-15-49-49-What-is-Digital-Advertising-Management-What-are-the-Ad-Types-228x300.png 228w, https:\/\/hakajans.com\/wp-content\/uploads\/2024\/02\/Screenshot-2024-02-28-at-15-49-49-What-is-Digital-Advertising-Management-What-are-the-Ad-Types-119x157.png 119w\" sizes=\"(max-width: 437px) 100vw, 437px\" \/>\t\t\t\t\t\t\t\t\t\t\t\t\t<\/div>\n\t\t\t\t<\/div>\n\t\t\t\t\t<\/div>\n\t\t<\/div>\n\t\t\t\t<div class=\"elementor-column elementor-col-33 elementor-top-column elementor-element elementor-element-2533f15\" data-id=\"2533f15\" data-element_type=\"column\">\n\t\t\t<div class=\"elementor-widget-wrap elementor-element-populated\">\n\t\t\t\t\t\t<div class=\"elementor-element elementor-element-568f93f elementor-widget elementor-widget-image\" data-id=\"568f93f\" data-element_type=\"widget\" data-widget_type=\"image.default\">\n\t\t\t\t<div class=\"elementor-widget-container\">\n\t\t\t\t\t\t\t\t\t\t\t\t\t<img decoding=\"async\" width=\"437\" height=\"575\" src=\"https:\/\/hakajans.com\/wp-content\/uploads\/2024\/02\/Screenshot-2024-02-28-at-15-49-54-What-is-Digital-Advertising-Management-What-are-the-Ad-Types.png\" class=\"attachment-large size-large wp-image-10164\" alt=\"\" srcset=\"https:\/\/hakajans.com\/wp-content\/uploads\/2024\/02\/Screenshot-2024-02-28-at-15-49-54-What-is-Digital-Advertising-Management-What-are-the-Ad-Types.png 437w, https:\/\/hakajans.com\/wp-content\/uploads\/2024\/02\/Screenshot-2024-02-28-at-15-49-54-What-is-Digital-Advertising-Management-What-are-the-Ad-Types-228x300.png 228w, https:\/\/hakajans.com\/wp-content\/uploads\/2024\/02\/Screenshot-2024-02-28-at-15-49-54-What-is-Digital-Advertising-Management-What-are-the-Ad-Types-119x157.png 119w\" sizes=\"(max-width: 437px) 100vw, 437px\" \/>\t\t\t\t\t\t\t\t\t\t\t\t\t<\/div>\n\t\t\t\t<\/div>\n\t\t\t\t\t<\/div>\n\t\t<\/div>\n\t\t\t\t\t<\/div>\n\t\t<\/section>\n\t\t\t\t<section class=\"elementor-section elementor-top-section elementor-element elementor-element-e12fa04 elementor-section-stretched elementor-section-boxed elementor-section-height-default elementor-section-height-default\" data-id=\"e12fa04\" data-element_type=\"section\" data-settings=\"{&quot;stretch_section&quot;:&quot;section-stretched&quot;,&quot;background_background&quot;:&quot;classic&quot;}\">\n\t\t\t\t\t\t<div class=\"elementor-container elementor-column-gap-default\">\n\t\t\t\t\t<div class=\"elementor-column elementor-col-100 elementor-top-column elementor-element elementor-element-9ab49f8\" data-id=\"9ab49f8\" data-element_type=\"column\">\n\t\t\t<div class=\"elementor-widget-wrap elementor-element-populated\">\n\t\t\t\t\t\t<section class=\"elementor-section elementor-inner-section elementor-element elementor-element-4cac5a4 elementor-section-boxed elementor-section-height-default elementor-section-height-default\" data-id=\"4cac5a4\" data-element_type=\"section\">\n\t\t\t\t\t\t<div class=\"elementor-container elementor-column-gap-default\">\n\t\t\t\t\t<div class=\"elementor-column elementor-col-50 elementor-inner-column elementor-element elementor-element-6a2622e\" data-id=\"6a2622e\" data-element_type=\"column\">\n\t\t\t<div class=\"elementor-widget-wrap elementor-element-populated\">\n\t\t\t\t\t\t<div class=\"elementor-element elementor-element-45e4432 bouncing-bubble-animation elementor-widget elementor-widget-image\" data-id=\"45e4432\" data-element_type=\"widget\" data-widget_type=\"image.default\">\n\t\t\t\t<div class=\"elementor-widget-container\">\n\t\t\t\t\t\t\t\t\t\t\t\t\t<img loading=\"lazy\" decoding=\"async\" width=\"571\" height=\"358\" src=\"https:\/\/hakajans.com\/wp-content\/uploads\/2020\/02\/site-optimized-cta-image.png\" class=\"attachment-large size-large wp-image-6200\" alt=\"\" srcset=\"https:\/\/hakajans.com\/wp-content\/uploads\/2020\/02\/site-optimized-cta-image.png 571w, https:\/\/hakajans.com\/wp-content\/uploads\/2020\/02\/site-optimized-cta-image-300x188.png 300w, https:\/\/hakajans.com\/wp-content\/uploads\/2020\/02\/site-optimized-cta-image-155x97.png 155w\" sizes=\"(max-width: 571px) 100vw, 571px\" \/>\t\t\t\t\t\t\t\t\t\t\t\t\t<\/div>\n\t\t\t\t<\/div>\n\t\t\t\t\t<\/div>\n\t\t<\/div>\n\t\t\t\t<div class=\"elementor-column elementor-col-50 elementor-inner-column elementor-element elementor-element-65e503c\" data-id=\"65e503c\" data-element_type=\"column\">\n\t\t\t<div class=\"elementor-widget-wrap elementor-element-populated\">\n\t\t\t\t\t\t<div class=\"elementor-element elementor-element-c93eaa8 elementor-widget elementor-widget-rt-section-title-subtitle\" data-id=\"c93eaa8\" data-element_type=\"widget\" data-widget_type=\"rt-section-title-subtitle.default\">\n\t\t\t\t<div class=\"elementor-widget-container\">\n\t\t\t<div class=\"rtel-section-title-subtitle style1\">\n    <h2 class=\"rtin-title has-subtitle\">Sosyal Medya Y\u00f6netimi &amp; <\/h2>\n          <div class=\"rtin-subtitle\"><p>\u0130leti\u015fime Ge\u00e7iniz<\/p><\/div>\n    <\/div>\t\t<\/div>\n\t\t\t\t<\/div>\n\t\t\t\t<div class=\"elementor-element elementor-element-8f6419c elementor-widget elementor-widget-rt-radius-button\" data-id=\"8f6419c\" data-element_type=\"widget\" data-widget_type=\"rt-radius-button.default\">\n\t\t\t\t<div class=\"elementor-widget-container\">\n\t\t\t<div class=\"rtel-radius-button\">\n   <a    href='https:\/\/wa.me\/+905323556237' class=\"btn-fill gradient-accent rtel-button-1 style1  d-inline-flex align-items-center\">\n        <span>\n      Whatsapp \u0130leti\u015fim Hatt\u0131    <\/span>\n                  <i class=\"fas fa-long-arrow-alt-right after-icon\"><\/i>\n            <\/a> \n<\/div>\n\t\t<\/div>\n\t\t\t\t<\/div>\n\t\t\t\t\t<\/div>\n\t\t<\/div>\n\t\t\t\t\t<\/div>\n\t\t<\/section>\n\t\t\t\t\t<\/div>\n\t\t<\/div>\n\t\t\t\t\t<\/div>\n\t\t<\/section>\n\t\t\t\t<section class=\"elementor-section elementor-top-section elementor-element elementor-element-77d41c0 elementor-section-boxed elementor-section-height-default elementor-section-height-default\" data-id=\"77d41c0\" data-element_type=\"section\">\n\t\t\t\t\t\t<div class=\"elementor-container elementor-column-gap-default\">\n\t\t\t\t\t<div class=\"elementor-column elementor-col-100 elementor-top-column elementor-element elementor-element-2917c3d\" data-id=\"2917c3d\" data-element_type=\"column\">\n\t\t\t<div class=\"elementor-widget-wrap elementor-element-populated\">\n\t\t\t\t\t\t<div class=\"elementor-element elementor-element-3c65acc elementor-widget elementor-widget-rt-widget-title\" data-id=\"3c65acc\" data-element_type=\"widget\" data-widget_type=\"rt-widget-title.default\">\n\t\t\t\t<div class=\"elementor-widget-container\">\n\t\t\t<div class=\"rtel-widget-title-1 text-center\">\n  <h2 class='rtin-title before-border-center  '>Partnerlerimiz<\/h2><\/div>\n\n\t\t<\/div>\n\t\t\t\t<\/div>\n\t\t\t\t\t<\/div>\n\t\t<\/div>\n\t\t\t\t\t<\/div>\n\t\t<\/section>\n\t\t\t\t<section class=\"elementor-section elementor-top-section elementor-element elementor-element-42dba1b elementor-section-boxed elementor-section-height-default elementor-section-height-default\" data-id=\"42dba1b\" data-element_type=\"section\">\n\t\t\t\t\t\t<div class=\"elementor-container elementor-column-gap-default\">\n\t\t\t\t\t<div class=\"elementor-column elementor-col-100 elementor-top-column elementor-element elementor-element-e6cca15\" data-id=\"e6cca15\" data-element_type=\"column\">\n\t\t\t<div class=\"elementor-widget-wrap elementor-element-populated\">\n\t\t\t\t\t\t<div class=\"elementor-element elementor-element-fc4a8e1 elementor-widget elementor-widget-rt-brand-showcase\" data-id=\"fc4a8e1\" data-element_type=\"widget\" data-widget_type=\"rt-brand-showcase.default\">\n\t\t\t\t<div class=\"elementor-widget-container\">\n\t\t\t<div class=\"rtel-brand-showcase\">\n  <div class=\"owl-carousel rt-owl-carousel nav-control-layout4\" data-carousel-options=\"{&quot;nav&quot;:true,&quot;navText&quot;:[&quot;&lt;i class=\\&quot;fas fa-angle-left\\&quot; aria-hidden=\\&quot;true\\&quot;&gt;&lt;\\\/i&gt;&quot;,&quot;&lt;i class=\\&quot;fas fa-angle-right\\&quot; aria-hidden=\\&quot;true\\&quot;&gt;&lt;\\\/i&gt;&quot;],&quot;dots&quot;:false,&quot;autoplay&quot;:true,&quot;autoplayTimeout&quot;:&quot;2000&quot;,&quot;autoplaySpeed&quot;:200,&quot;autoplayHoverPause&quot;:true,&quot;loop&quot;:true,&quot;margin&quot;:30,&quot;smartSpeed&quot;:1200,&quot;responsive&quot;:{&quot;0&quot;:{&quot;items&quot;:&quot;1&quot;,&quot;nav&quot;:false,&quot;dots&quot;:false},&quot;480&quot;:{&quot;items&quot;:&quot;2&quot;,&quot;nav&quot;:false,&quot;dots&quot;:false},&quot;768&quot;:{&quot;items&quot;:&quot;2&quot;,&quot;nav&quot;:true,&quot;dots&quot;:false},&quot;992&quot;:{&quot;items&quot;:&quot;4&quot;,&quot;nav&quot;:true,&quot;dots&quot;:false},&quot;1200&quot;:{&quot;items&quot;:&quot;5&quot;,&quot;nav&quot;:true,&quot;dots&quot;:false}}}\">\n          <div class=\"rtin-brand-box no-border \">\n        <div class=\"item-img\">\n                                  <a    href='#' >\n              <img loading=\"lazy\" decoding=\"async\" width=\"208\" height=\"59\" src=\"https:\/\/hakajans.com\/wp-content\/uploads\/2020\/12\/brand_01.png\" class=\"attachment-full size-full\" alt=\"\" srcset=\"https:\/\/hakajans.com\/wp-content\/uploads\/2020\/12\/brand_01.png 208w, https:\/\/hakajans.com\/wp-content\/uploads\/2020\/12\/brand_01-155x44.png 155w\" sizes=\"(max-width: 208px) 100vw, 208px\" \/>            <\/a>\n                    \n        <\/div>\n      <\/div>\n          <div class=\"rtin-brand-box no-border \">\n        <div class=\"item-img\">\n                                  <a    href='#' >\n              <img loading=\"lazy\" decoding=\"async\" width=\"300\" height=\"118\" src=\"https:\/\/hakajans.com\/wp-content\/uploads\/2024\/02\/pozitifticaretHepsiburada-Logo.png\" class=\"attachment-full size-full\" alt=\"\" srcset=\"https:\/\/hakajans.com\/wp-content\/uploads\/2024\/02\/pozitifticaretHepsiburada-Logo.png 300w, https:\/\/hakajans.com\/wp-content\/uploads\/2024\/02\/pozitifticaretHepsiburada-Logo-155x61.png 155w\" sizes=\"(max-width: 300px) 100vw, 300px\" \/>            <\/a>\n                    \n        <\/div>\n      <\/div>\n          <div class=\"rtin-brand-box no-border \">\n        <div class=\"item-img\">\n                                  <a    href='#' >\n              <img loading=\"lazy\" decoding=\"async\" width=\"300\" height=\"118\" src=\"https:\/\/hakajans.com\/wp-content\/uploads\/2024\/02\/pozitifticaret-Trendyol-Logo.png\" class=\"attachment-full size-full\" alt=\"\" srcset=\"https:\/\/hakajans.com\/wp-content\/uploads\/2024\/02\/pozitifticaret-Trendyol-Logo.png 300w, https:\/\/hakajans.com\/wp-content\/uploads\/2024\/02\/pozitifticaret-Trendyol-Logo-155x61.png 155w\" sizes=\"(max-width: 300px) 100vw, 300px\" \/>            <\/a>\n                    \n        <\/div>\n      <\/div>\n          <div class=\"rtin-brand-box no-border \">\n        <div class=\"item-img\">\n                                  <a    href='#' >\n              <img loading=\"lazy\" decoding=\"async\" width=\"281\" height=\"47\" src=\"https:\/\/hakajans.com\/wp-content\/uploads\/2024\/02\/amazon.png\" class=\"attachment-full size-full\" alt=\"\" srcset=\"https:\/\/hakajans.com\/wp-content\/uploads\/2024\/02\/amazon.png 281w, https:\/\/hakajans.com\/wp-content\/uploads\/2024\/02\/amazon-155x26.png 155w\" sizes=\"(max-width: 281px) 100vw, 281px\" \/>            <\/a>\n                    \n        <\/div>\n      <\/div>\n          <div class=\"rtin-brand-box no-border \">\n        <div class=\"item-img\">\n                                  <a    href='#' >\n              <img loading=\"lazy\" decoding=\"async\" width=\"173\" height=\"50\" src=\"https:\/\/hakajans.com\/wp-content\/uploads\/2024\/02\/shopify-logo-color.png\" class=\"attachment-full size-full\" alt=\"\" srcset=\"https:\/\/hakajans.com\/wp-content\/uploads\/2024\/02\/shopify-logo-color.png 173w, https:\/\/hakajans.com\/wp-content\/uploads\/2024\/02\/shopify-logo-color-155x45.png 155w\" sizes=\"(max-width: 173px) 100vw, 173px\" \/>            <\/a>\n                    \n        <\/div>\n      <\/div>\n          <div class=\"rtin-brand-box no-border \">\n        <div class=\"item-img\">\n                      <img loading=\"lazy\" decoding=\"async\" width=\"204\" height=\"57\" src=\"https:\/\/hakajans.com\/wp-content\/uploads\/2024\/02\/magento-logo-color.png\" class=\"attachment-full size-full\" alt=\"\" srcset=\"https:\/\/hakajans.com\/wp-content\/uploads\/2024\/02\/magento-logo-color.png 204w, https:\/\/hakajans.com\/wp-content\/uploads\/2024\/02\/magento-logo-color-155x43.png 155w\" sizes=\"(max-width: 204px) 100vw, 204px\" \/>                    \n        <\/div>\n      <\/div>\n          <div class=\"rtin-brand-box no-border \">\n        <div class=\"item-img\">\n                      <img loading=\"lazy\" decoding=\"async\" width=\"1925\" height=\"489\" src=\"https:\/\/hakajans.com\/wp-content\/uploads\/2024\/02\/woocommerce-logo.png\" class=\"attachment-full size-full\" alt=\"\" srcset=\"https:\/\/hakajans.com\/wp-content\/uploads\/2024\/02\/woocommerce-logo.png 1925w, https:\/\/hakajans.com\/wp-content\/uploads\/2024\/02\/woocommerce-logo-300x76.png 300w, https:\/\/hakajans.com\/wp-content\/uploads\/2024\/02\/woocommerce-logo-1024x260.png 1024w, https:\/\/hakajans.com\/wp-content\/uploads\/2024\/02\/woocommerce-logo-768x195.png 768w, https:\/\/hakajans.com\/wp-content\/uploads\/2024\/02\/woocommerce-logo-1536x390.png 1536w, https:\/\/hakajans.com\/wp-content\/uploads\/2024\/02\/woocommerce-logo-155x39.png 155w\" sizes=\"(max-width: 1925px) 100vw, 1925px\" \/>                    \n        <\/div>\n      <\/div>\n          <div class=\"rtin-brand-box no-border \">\n        <div class=\"item-img\">\n                      <img loading=\"lazy\" decoding=\"async\" width=\"528\" height=\"213\" src=\"https:\/\/hakajans.com\/wp-content\/uploads\/2024\/02\/The-Secret-History-of-the-Google-Logo-4.webp\" class=\"attachment-full size-full\" alt=\"\" srcset=\"https:\/\/hakajans.com\/wp-content\/uploads\/2024\/02\/The-Secret-History-of-the-Google-Logo-4.webp 528w, https:\/\/hakajans.com\/wp-content\/uploads\/2024\/02\/The-Secret-History-of-the-Google-Logo-4-300x121.webp 300w, https:\/\/hakajans.com\/wp-content\/uploads\/2024\/02\/The-Secret-History-of-the-Google-Logo-4-155x63.webp 155w\" sizes=\"(max-width: 528px) 100vw, 528px\" \/>                    \n        <\/div>\n      <\/div>\n          <div class=\"rtin-brand-box no-border \">\n        <div class=\"item-img\">\n                      <img loading=\"lazy\" decoding=\"async\" width=\"450\" height=\"112\" src=\"https:\/\/hakajans.com\/wp-content\/uploads\/2024\/02\/images.jpg\" class=\"attachment-full size-full\" alt=\"\" srcset=\"https:\/\/hakajans.com\/wp-content\/uploads\/2024\/02\/images.jpg 450w, https:\/\/hakajans.com\/wp-content\/uploads\/2024\/02\/images-300x75.jpg 300w, https:\/\/hakajans.com\/wp-content\/uploads\/2024\/02\/images-155x39.jpg 155w\" sizes=\"(max-width: 450px) 100vw, 450px\" \/>                    \n        <\/div>\n      <\/div>\n      <\/div>\n<\/div>\n\n\t\t<\/div>\n\t\t\t\t<\/div>\n\t\t\t\t\t<\/div>\n\t\t<\/div>\n\t\t\t\t\t<\/div>\n\t\t<\/section>\n\t\t\t\t<\/div>\n\t\t","protected":false},"excerpt":{"rendered":"<p>Sosyal Medya Reklam Y\u00f6netimi Sosyal medya reklam y\u00f6netimi, istenilen reklam\u0131n hedef kitleye ula\u015faca\u011f\u0131 platformla ilgilidir. Bu t\u00fcr reklamlar\u0131 verirken; Sosyal medya etkile\u015fiminin artt\u0131r\u0131lmas\u0131na, web sitenize veya blog sayfan\u0131za yap\u0131lan ziyaretlerin artt\u0131r\u0131lmas\u0131na, markan\u0131z\u0131n bilinirli\u011finin artt\u0131r\u0131lmas\u0131na dikkat edilmelidir. Facebook, Twitter, Youtube ve LinkedIn gibi mecralar\u0131 sosyal medya reklam y\u00f6netimi ba\u015fl\u0131\u011f\u0131 alt\u0131nda toplayabiliriz. Sosyal medya reklam t\u00fcrleri yukar\u0131da&#8230;<\/p>\n","protected":false},"author":1,"featured_media":0,"parent":0,"menu_order":0,"comment_status":"closed","ping_status":"closed","template":"","meta":{"inline_featured_image":false,"_joinchat":[],"footnotes":""},"class_list":["post-10160","page","type-page","status-publish","hentry"],"aioseo_notices":[],"_links":{"self":[{"href":"https:\/\/hakajans.com\/index.php?rest_route=\/wp\/v2\/pages\/10160"}],"collection":[{"href":"https:\/\/hakajans.com\/index.php?rest_route=\/wp\/v2\/pages"}],"about":[{"href":"https:\/\/hakajans.com\/index.php?rest_route=\/wp\/v2\/types\/page"}],"author":[{"embeddable":true,"href":"https:\/\/hakajans.com\/index.php?rest_route=\/wp\/v2\/users\/1"}],"replies":[{"embeddable":true,"href":"https:\/\/hakajans.com\/index.php?rest_route=%2Fwp%2Fv2%2Fcomments&post=10160"}],"version-history":[{"count":4,"href":"https:\/\/hakajans.com\/index.php?rest_route=\/wp\/v2\/pages\/10160\/revisions"}],"predecessor-version":[{"id":10168,"href":"https:\/\/hakajans.com\/index.php?rest_route=\/wp\/v2\/pages\/10160\/revisions\/10168"}],"wp:attachment":[{"href":"https:\/\/hakajans.com\/index.php?rest_route=%2Fwp%2Fv2%2Fmedia&parent=10160"}],"curies":[{"name":"wp","href":"https:\/\/api.w.org\/{rel}","templated":true}]}}