{"id":3474,"date":"2019-08-22T10:56:45","date_gmt":"2019-08-22T04:56:45","guid":{"rendered":"http:\/\/hakajans.com\/?page_id=3474"},"modified":"2024-04-23T16:36:58","modified_gmt":"2024-04-23T13:36:58","slug":"iletisim","status":"publish","type":"page","link":"https:\/\/hakajans.com\/?page_id=3474","title":{"rendered":"\u0130leti\u015fim"},"content":{"rendered":"\t\t<div data-elementor-type=\"wp-post\" data-elementor-id=\"3474\" class=\"elementor elementor-3474\">\n\t\t\t\t\t\t<section class=\"elementor-section elementor-top-section elementor-element elementor-element-2a649f0 elementor-section-stretched elementor-section-boxed elementor-section-height-default elementor-section-height-default\" data-id=\"2a649f0\" data-element_type=\"section\" data-settings=\"{&quot;stretch_section&quot;:&quot;section-stretched&quot;}\">\n\t\t\t\t\t\t<div class=\"elementor-container elementor-column-gap-default\">\n\t\t\t\t\t<div class=\"elementor-column elementor-col-50 elementor-top-column elementor-element elementor-element-8fc6402\" data-id=\"8fc6402\" data-element_type=\"column\" data-settings=\"{&quot;background_background&quot;:&quot;gradient&quot;}\">\n\t\t\t<div class=\"elementor-widget-wrap elementor-element-populated\">\n\t\t\t\t\t\t<div class=\"elementor-element elementor-element-c54b18e elementor-widget elementor-widget-rt-widget-title\" data-id=\"c54b18e\" data-element_type=\"widget\" data-widget_type=\"rt-widget-title.default\">\n\t\t\t\t<div class=\"elementor-widget-container\">\n\t\t\t<div class=\"rtel-widget-title-1 text-\">\n  <h2 class='rtin-title   has-border'>\u0130leti\u015fime Ge\u00e7\n<\/h2><\/div>\n\n\t\t<\/div>\n\t\t\t\t<\/div>\n\t\t\t\t<div class=\"elementor-element elementor-element-eff9379 elementor-widget elementor-widget-rt-contact-info-box\" data-id=\"eff9379\" data-element_type=\"widget\" data-widget_type=\"rt-contact-info-box.default\">\n\t\t\t\t<div class=\"elementor-widget-container\">\n\t\t\t<div class=\"rtel-contact-info-box3\">\n  <div class=\"media\">\n    <div class=\"rtin-icon\">\n              <i class=\"fas fa-globe-americas\"><\/i>\n          <\/div>\n    <div class=\"media-body space-md\">\n      <h3 class=\"rtin-title\">\n                  Adres:         \n      <\/h3>\n      <div class=\"rtin-subtitle\">U\u011fur Mumcu - Kartal \/ \u0130stanbul<\/div>\n    <\/div>\n  <\/div>\n<\/div>\t\t<\/div>\n\t\t\t\t<\/div>\n\t\t\t\t<div class=\"elementor-element elementor-element-46109e7 elementor-widget elementor-widget-rt-contact-info-box\" data-id=\"46109e7\" data-element_type=\"widget\" data-widget_type=\"rt-contact-info-box.default\">\n\t\t\t\t<div class=\"elementor-widget-container\">\n\t\t\t<div class=\"rtel-contact-info-box3\">\n  <div class=\"media\">\n    <div class=\"rtin-icon\">\n              <i class=\" flaticon-telephone-handle-silhouette\"><\/i>\n          <\/div>\n    <div class=\"media-body space-md\">\n      <h3 class=\"rtin-title\">\n                  Telefon:         \n      <\/h3>\n      <div class=\"rtin-subtitle\">+90 552 244 79 15<\/div>\n    <\/div>\n  <\/div>\n<\/div>\t\t<\/div>\n\t\t\t\t<\/div>\n\t\t\t\t<div class=\"elementor-element elementor-element-15bd474 elementor-widget elementor-widget-rt-contact-info-box\" data-id=\"15bd474\" data-element_type=\"widget\" data-widget_type=\"rt-contact-info-box.default\">\n\t\t\t\t<div class=\"elementor-widget-container\">\n\t\t\t<div class=\"rtel-contact-info-box3\">\n  <div class=\"media\">\n    <div class=\"rtin-icon\">\n              <i class=\"far fa-envelope\"><\/i>\n          <\/div>\n    <div class=\"media-body space-md\">\n      <h3 class=\"rtin-title\">\n                  E-Posta:         \n      <\/h3>\n      <div class=\"rtin-subtitle\">bilgi@hakajans.com<\/div>\n    <\/div>\n  <\/div>\n<\/div>\t\t<\/div>\n\t\t\t\t<\/div>\n\t\t\t\t\t<\/div>\n\t\t<\/div>\n\t\t\t\t<div class=\"elementor-column elementor-col-50 elementor-top-column elementor-element elementor-element-2348c57\" data-id=\"2348c57\" data-element_type=\"column\">\n\t\t\t<div class=\"elementor-widget-wrap elementor-element-populated\">\n\t\t\t\t\t\t<div class=\"elementor-element elementor-element-796cf1c elementor-widget elementor-widget-rt-widget-title\" data-id=\"796cf1c\" data-element_type=\"widget\" data-widget_type=\"rt-widget-title.default\">\n\t\t\t\t<div class=\"elementor-widget-container\">\n\t\t\t<div class=\"rtel-widget-title-1 text-\">\n  <h2 class='rtin-title   has-border'>Mesaj\u0131n\u0131 B\u0131rak\n<\/h2><\/div>\n\n\t\t<\/div>\n\t\t\t\t<\/div>\n\t\t\t\t<div class=\"elementor-element elementor-element-038b3ea elementor-widget elementor-widget-shortcode\" data-id=\"038b3ea\" data-element_type=\"widget\" data-widget_type=\"shortcode.default\">\n\t\t\t\t<div class=\"elementor-widget-container\">\n\t\t\t\t\t<div class=\"elementor-shortcode\">\n<div class=\"wpcf7 no-js\" id=\"wpcf7-f8501-o1\" lang=\"en-US\" dir=\"ltr\">\n<div class=\"screen-reader-response\"><p role=\"status\" aria-live=\"polite\" aria-atomic=\"true\"><\/p> <ul><\/ul><\/div>\n<form action=\"\/index.php?rest_route=%2Fwp%2Fv2%2Fpages%2F3474#wpcf7-f8501-o1\" method=\"post\" class=\"wpcf7-form init\" aria-label=\"Contact form\" novalidate=\"novalidate\" data-status=\"init\">\n<div style=\"display: none;\">\n<input type=\"hidden\" name=\"_wpcf7\" value=\"8501\" \/>\n<input type=\"hidden\" name=\"_wpcf7_version\" value=\"5.8.7\" \/>\n<input type=\"hidden\" name=\"_wpcf7_locale\" value=\"en_US\" \/>\n<input type=\"hidden\" name=\"_wpcf7_unit_tag\" value=\"wpcf7-f8501-o1\" \/>\n<input type=\"hidden\" name=\"_wpcf7_container_post\" value=\"0\" \/>\n<input type=\"hidden\" name=\"_wpcf7_posted_data_hash\" value=\"\" \/>\n<\/div>\n<div class=\"contact-form-box2\">\n\t<div class=\"row gutters-15\">\n\t\t<div class=\"col-6 form-group has-error has-danger\">\n\t\t\t<p><span class=\"wpcf7-form-control-wrap\" data-name=\"name-cont-4\"><input size=\"40\" class=\"wpcf7-form-control wpcf7-text wpcf7-validates-as-required form-control\" aria-required=\"true\" aria-invalid=\"false\" placeholder=\"Name*\" value=\"\" type=\"text\" name=\"name-cont-4\" \/><\/span>\n\t\t\t<\/p>\n\t\t<\/div>\n\t\t<div class=\"col-6 form-group\">\n\t\t\t<p><span class=\"wpcf7-form-control-wrap\" data-name=\"email\"><input size=\"40\" class=\"wpcf7-form-control wpcf7-email wpcf7-validates-as-required wpcf7-text wpcf7-validates-as-email form-control\" aria-required=\"true\" aria-invalid=\"false\" placeholder=\"E-mail*\" value=\"\" type=\"email\" name=\"email\" \/><\/span>\n\t\t\t<\/p>\n\t\t<\/div>\n\t\t<div class=\"col-12 form-group\">\n\t\t\t<p><span class=\"wpcf7-form-control-wrap\" data-name=\"subject\"><input size=\"40\" class=\"wpcf7-form-control wpcf7-text wpcf7-validates-as-required form-control\" aria-required=\"true\" aria-invalid=\"false\" placeholder=\"Subject*\" value=\"\" type=\"text\" name=\"subject\" \/><\/span>\n\t\t\t<\/p>\n\t\t<\/div>\n\t\t<div class=\"col-12 form-group\">\n\t\t\t<p><span class=\"wpcf7-form-control-wrap\" data-name=\"textarea\"><textarea cols=\"40\" rows=\"10\" class=\"wpcf7-form-control wpcf7-textarea wpcf7-validates-as-required form-control\" aria-required=\"true\" aria-invalid=\"false\" placeholder=\"Message*\" name=\"textarea\"><\/textarea><\/span>\n\t\t\t<\/p>\n\t\t<\/div>\n\t\t<div class=\"col-12 form-group\">\n\t\t\t<p><button type=\"submit\" class=\"btn-fill-3 gradient-accent disabled\">G\u00d6NDER<\/button>\n\t\t\t<\/p>\n\t\t<\/div>\n\t<\/div>\n<\/div><div class=\"wpcf7-response-output\" aria-hidden=\"true\"><\/div>\n<\/form>\n<\/div>\n<\/div>\n\t\t\t\t<\/div>\n\t\t\t\t<\/div>\n\t\t\t\t\t<\/div>\n\t\t<\/div>\n\t\t\t\t\t<\/div>\n\t\t<\/section>\n\t\t\t\t<\/div>\n\t\t","protected":false},"excerpt":{"rendered":"<p>\u0130leti\u015fime Ge\u00e7 Adres: U\u011fur Mumcu &#8211; Kartal \/ \u0130stanbul Telefon: +90 552 244 79 15 E-Posta: bilgi@hakajans.com Mesaj\u0131n\u0131 B\u0131rak<\/p>\n","protected":false},"author":1,"featured_media":0,"parent":0,"menu_order":0,"comment_status":"closed","ping_status":"closed","template":"","meta":{"inline_featured_image":false,"_joinchat":[],"footnotes":""},"class_list":["post-3474","page","type-page","status-publish","hentry"],"aioseo_notices":[],"_links":{"self":[{"href":"https:\/\/hakajans.com\/index.php?rest_route=\/wp\/v2\/pages\/3474"}],"collection":[{"href":"https:\/\/hakajans.com\/index.php?rest_route=\/wp\/v2\/pages"}],"about":[{"href":"https:\/\/hakajans.com\/index.php?rest_route=\/wp\/v2\/types\/page"}],"author":[{"embeddable":true,"href":"https:\/\/hakajans.com\/index.php?rest_route=\/wp\/v2\/users\/1"}],"replies":[{"embeddable":true,"href":"https:\/\/hakajans.com\/index.php?rest_route=%2Fwp%2Fv2%2Fcomments&post=3474"}],"version-history":[{"count":13,"href":"https:\/\/hakajans.com\/index.php?rest_route=\/wp\/v2\/pages\/3474\/revisions"}],"predecessor-version":[{"id":10284,"href":"https:\/\/hakajans.com\/index.php?rest_route=\/wp\/v2\/pages\/3474\/revisions\/10284"}],"wp:attachment":[{"href":"https:\/\/hakajans.com\/index.php?rest_route=%2Fwp%2Fv2%2Fmedia&parent=3474"}],"curies":[{"name":"wp","href":"https:\/\/api.w.org\/{rel}","templated":true}]}}